{"id":88,"date":"2025-03-05T14:52:03","date_gmt":"2025-03-05T14:52:03","guid":{"rendered":"https:\/\/cribnax.com\/?page_id=88"},"modified":"2025-03-05T14:52:04","modified_gmt":"2025-03-05T14:52:04","slug":"about-us","status":"publish","type":"page","link":"https:\/\/cribnax.com\/fr\/about-us\/","title":{"rendered":"\u00c0 propos de nous"},"content":{"rendered":"<h2 class=\"wp-block-heading\">Bienvenue chez Cribnax : votre passerelle vers l&#039;avenir<\/h2>\n\n\n\n<p>\u00c0 l&#039;\u00e8re de l&#039;information, rester bien inform\u00e9 et \u00e0 jour fait toute la diff\u00e9rence. Cribnax a \u00e9t\u00e9 cr\u00e9\u00e9 avec la mission d&#039;\u00eatre votre guide de confiance pour naviguer dans le monde dynamique des carri\u00e8res, du d\u00e9veloppement personnel, de l&#039;innovation, des tendances technologiques et des voyages. Notre engagement est de vous proposer un contenu pertinent, inspirant et pratique pour vous aider \u00e0 concr\u00e9tiser vos r\u00eaves.<\/p>\n\n\n\n<h3 class=\"wp-block-heading\">Ce que nous offrons<\/h3>\n\n\n\n<p>Chez Cribnax, nous sommes convaincus que la connaissance est la cl\u00e9 du succ\u00e8s. C&#039;est pourquoi nous organisons notre contenu en cinq cat\u00e9gories essentielles\u00a0:<\/p>\n\n\n\n<h4 class=\"wp-block-heading\">Carri\u00e8re<\/h4>\n\n\n\n<ul>\n<li>Conseils de croissance professionnelle : des strat\u00e9gies pour faire progresser votre carri\u00e8re aux conseils sur le r\u00e9seautage et la productivit\u00e9.<\/li>\n\n\n\n<li>Nouveaux mod\u00e8les de travail : restez inform\u00e9 des \u00e9volutions du march\u00e9 du travail, notamment du travail \u00e0 distance, du travail ind\u00e9pendant et de l\u2019\u00e9conomie num\u00e9rique.<\/li>\n\n\n\n<li>Comp\u00e9tences du futur : d\u00e9couvrez les comp\u00e9tences les plus demand\u00e9es et comment les d\u00e9velopper pour vous d\u00e9marquer.<\/li>\n<\/ul>\n\n\n\n<h4 class=\"wp-block-heading\">Croissance personnelle<\/h4>\n\n\n\n<ul>\n<li>Success Mindset : Comment adopter une approche positive et r\u00e9siliente pour surmonter les d\u00e9fis et atteindre vos objectifs.<\/li>\n\n\n\n<li>Bien-\u00eatre et \u00e9quilibre : strat\u00e9gies pour maintenir un mode de vie sain et productif tout en \u00e9quilibrant travail et vie personnelle.<\/li>\n\n\n\n<li>Finances personnelles : conseils sur la planification financi\u00e8re, les investissements et l\u2019ind\u00e9pendance \u00e9conomique.<\/li>\n<\/ul>\n\n\n\n<h4 class=\"wp-block-heading\">Innovation<\/h4>\n\n\n\n<ul>\n<li>Technologies disruptives : intelligence artificielle, blockchain, biotechnologie et autres innovations qui transforment le monde.<\/li>\n\n\n\n<li>Entrepreneuriat et startups : tendances de l&#039;\u00e9cosyst\u00e8me entrepreneurial, conseils pour lancer une entreprise et success stories.<\/li>\n\n\n\n<li>Solutions durables : comment l\u2019innovation peut soutenir la durabilit\u00e9 et contribuer \u00e0 un avenir meilleur.<\/li>\n<\/ul>\n\n\n\n<h4 class=\"wp-block-heading\">Tendances technologiques<\/h4>\n\n\n\n<ul>\n<li>Transformation num\u00e9rique : l\u2019impact de la num\u00e9risation sur diff\u00e9rents secteurs et son influence sur notre vie quotidienne.<\/li>\n\n\n\n<li>5G et connectivit\u00e9 : de nouvelles possibilit\u00e9s avec l\u2019expansion des r\u00e9seaux 5G et l\u2019avenir d\u2019Internet.<\/li>\n\n\n\n<li>S\u00e9curit\u00e9 et confidentialit\u00e9 en ligne : comment prot\u00e9ger vos donn\u00e9es et naviguer en toute s\u00e9curit\u00e9 \u00e0 l\u2019\u00e8re num\u00e9rique.<\/li>\n<\/ul>\n\n\n\n<h4 class=\"wp-block-heading\">Voyage<\/h4>\n\n\n\n<ul>\n<li>Tourisme durable : conseils pour voyager consciemment et r\u00e9duire votre impact environnemental.<\/li>\n\n\n\n<li>Destinations et exp\u00e9riences culturelles : explorer des lieux authentiques et s&#039;immerger dans les cultures locales.<\/li>\n\n\n\n<li>Travail et voyage : comment \u00e9quilibrer une carri\u00e8re \u00e0 distance avec une vie d&#039;aventure \u00e0 travers le monde.<\/li>\n<\/ul>\n\n\n\n<h3 class=\"wp-block-heading\">Pourquoi choisir Cribnax?<\/h3>\n\n\n\n<p>Notre force r\u00e9side dans la qualit\u00e9 et la profondeur du contenu que nous proposons. Chaque article est soigneusement r\u00e9dig\u00e9 pour fournir des informations pr\u00e9cieuses, fond\u00e9es sur des recherches et des tendances concr\u00e8tes. Nous ne sommes pas seulement un site d&#039;information\u00a0; nous sommes un espace d&#039;apprentissage, d&#039;inspiration et de connexion avec l&#039;avenir.<\/p>\n\n\n\n<h3 class=\"wp-block-heading\">Qu&#039;est-ce qui nous distingue ?<\/h3>\n\n\n\n<ul>\n<li>Contenu fiable et \u00e0 jour : nos articles sont bas\u00e9s sur des tendances r\u00e9elles, des recherches solides et des avis d&#039;experts.<\/li>\n\n\n\n<li>Approche accessible et pratique : notre objectif est de rendre les informations complexes plus faciles \u00e0 comprendre et \u00e0 appliquer.<\/li>\n\n\n\n<li>Inspiration pour la transformation personnelle : Nous ne nous contentons pas d&#039;informer ; nous vous encourageons \u00e0 agir et \u00e0 grandir dans diff\u00e9rents domaines de la vie.<\/li>\n<\/ul>\n\n\n\n<h3 class=\"wp-block-heading\">Commen\u00e7ons ensemble !<\/h3>\n\n\n\n<p>Que vous soyez un professionnel en qu\u00eate de d\u00e9veloppement, un voyageur \u00e0 la d\u00e9couverte de nouvelles cultures ou un passionn\u00e9 de technologie \u00e0 la recherche d&#039;informations, Cribnax est l\u00e0 pour vous aider. Suivez nos articles, partagez vos id\u00e9es et rejoignez une communaut\u00e9 qui valorise la connaissance et l&#039;\u00e9volution continue.<\/p>\n\n\n\n<p>Contactez-nous, consultez notre politique de confidentialit\u00e9 pour plus de d\u00e9tails ou consultez nos derniers articles pour faire le premier pas de votre voyage d\u00e8s aujourd&#039;hui.<\/p>","protected":false},"excerpt":{"rendered":"<p>Bienvenue sur Cribnax\u00a0: Votre porte d\u2019entr\u00e9e vers l\u2019avenir. \u00c0 l\u2019\u00e8re de l\u2019information, rester bien inform\u00e9 et \u00e0 jour fait toute la diff\u00e9rence. Cribnax a \u00e9t\u00e9 cr\u00e9\u00e9 avec pour mission d\u2019\u00eatre votre guide de confiance pour naviguer dans le monde dynamique des carri\u00e8res, du d\u00e9veloppement personnel, de l\u2019innovation, des tendances technologiques et des voyages. Notre engagement est de vous proposer un contenu pertinent, inspirant et [\u2026]<\/p>","protected":false},"author":40,"featured_media":0,"parent":0,"menu_order":0,"comment_status":"closed","ping_status":"closed","template":"","meta":{"_uag_custom_page_level_css":"","site-sidebar-layout":"default","site-content-layout":"","ast-site-content-layout":"","site-content-style":"default","site-sidebar-style":"default","ast-global-header-display":"","ast-banner-title-visibility":"","ast-main-header-display":"","ast-hfb-above-header-display":"","ast-hfb-below-header-display":"","ast-hfb-mobile-header-display":"","site-post-title":"","ast-breadcrumbs-content":"","ast-featured-img":"","footer-sml-layout":"","theme-transparent-header-meta":"","adv-header-id-meta":"","stick-header-meta":"","header-above-stick-meta":"","header-main-stick-meta":"","header-below-stick-meta":"","astra-migrate-meta-layouts":"default","ast-page-background-enabled":"default","ast-page-background-meta":{"desktop":{"background-color":"var(--ast-global-color-4)","background-image":"","background-repeat":"repeat","background-position":"center center","background-size":"auto","background-attachment":"scroll","background-type":"","background-media":"","overlay-type":"","overlay-color":"","overlay-opacity":"","overlay-gradient":""},"tablet":{"background-color":"","background-image":"","background-repeat":"repeat","background-position":"center center","background-size":"auto","background-attachment":"scroll","background-type":"","background-media":"","overlay-type":"","overlay-color":"","overlay-opacity":"","overlay-gradient":""},"mobile":{"background-color":"","background-image":"","background-repeat":"repeat","background-position":"center center","background-size":"auto","background-attachment":"scroll","background-type":"","background-media":"","overlay-type":"","overlay-color":"","overlay-opacity":"","overlay-gradient":""}},"ast-content-background-meta":{"desktop":{"background-color":"var(--ast-global-color-5)","background-image":"","background-repeat":"repeat","background-position":"center center","background-size":"auto","background-attachment":"scroll","background-type":"","background-media":"","overlay-type":"","overlay-color":"","overlay-opacity":"","overlay-gradient":""},"tablet":{"background-color":"var(--ast-global-color-5)","background-image":"","background-repeat":"repeat","background-position":"center center","background-size":"auto","background-attachment":"scroll","background-type":"","background-media":"","overlay-type":"","overlay-color":"","overlay-opacity":"","overlay-gradient":""},"mobile":{"background-color":"var(--ast-global-color-5)","background-image":"","background-repeat":"repeat","background-position":"center center","background-size":"auto","background-attachment":"scroll","background-type":"","background-media":"","overlay-type":"","overlay-color":"","overlay-opacity":"","overlay-gradient":""}},"footnotes":""},"yoast_head":"<!-- This site is optimized with the Yoast SEO plugin v23.3 - https:\/\/yoast.com\/wordpress\/plugins\/seo\/ -->\n<title>About Us - Cribnax<\/title>\n<meta name=\"robots\" content=\"index, follow, max-snippet:-1, max-image-preview:large, max-video-preview:-1\" \/>\n<link rel=\"canonical\" href=\"https:\/\/cribnax.com\/fr\/about-us\/\" \/>\n<meta property=\"og:locale\" content=\"fr_FR\" \/>\n<meta property=\"og:type\" content=\"article\" \/>\n<meta property=\"og:title\" content=\"About Us - Cribnax\" \/>\n<meta property=\"og:description\" content=\"Welcome to Cribnax: Your Gateway to the Future In the information age, staying well-informed and up to date makes all the difference. Cribnax was created with the mission of being your trusted guide in navigating the dynamic world of careers, personal growth, innovation, technology trends, and travel. Our commitment is to deliver relevant, inspiring, and [&hellip;]\" \/>\n<meta property=\"og:url\" content=\"https:\/\/cribnax.com\/fr\/about-us\/\" \/>\n<meta property=\"og:site_name\" content=\"Cribnax\" \/>\n<meta property=\"article:modified_time\" content=\"2025-03-05T14:52:04+00:00\" \/>\n<meta name=\"twitter:card\" content=\"summary_large_image\" \/>\n<meta name=\"twitter:label1\" content=\"Est. reading time\" \/>\n\t<meta name=\"twitter:data1\" content=\"3 minutes\" \/>\n<script type=\"application\/ld+json\" class=\"yoast-schema-graph\">{\"@context\":\"https:\/\/schema.org\",\"@graph\":[{\"@type\":\"WebPage\",\"@id\":\"https:\/\/cribnax.com\/about-us\/\",\"url\":\"https:\/\/cribnax.com\/about-us\/\",\"name\":\"About Us - Cribnax\",\"isPartOf\":{\"@id\":\"https:\/\/cribnax.com\/#website\"},\"datePublished\":\"2025-03-05T14:52:03+00:00\",\"dateModified\":\"2025-03-05T14:52:04+00:00\",\"breadcrumb\":{\"@id\":\"https:\/\/cribnax.com\/about-us\/#breadcrumb\"},\"inLanguage\":\"fr-FR\",\"potentialAction\":[{\"@type\":\"ReadAction\",\"target\":[\"https:\/\/cribnax.com\/about-us\/\"]}]},{\"@type\":\"BreadcrumbList\",\"@id\":\"https:\/\/cribnax.com\/about-us\/#breadcrumb\",\"itemListElement\":[{\"@type\":\"ListItem\",\"position\":1,\"name\":\"Home\",\"item\":\"https:\/\/cribnax.com\/\"},{\"@type\":\"ListItem\",\"position\":2,\"name\":\"About Us\"}]},{\"@type\":\"WebSite\",\"@id\":\"https:\/\/cribnax.com\/#website\",\"url\":\"https:\/\/cribnax.com\/\",\"name\":\"Cribnax\",\"description\":\"\",\"publisher\":{\"@id\":\"https:\/\/cribnax.com\/#organization\"},\"potentialAction\":[{\"@type\":\"SearchAction\",\"target\":{\"@type\":\"EntryPoint\",\"urlTemplate\":\"https:\/\/cribnax.com\/?s={search_term_string}\"},\"query-input\":\"required name=search_term_string\"}],\"inLanguage\":\"fr-FR\"},{\"@type\":\"Organization\",\"@id\":\"https:\/\/cribnax.com\/#organization\",\"name\":\"Cribnax\",\"url\":\"https:\/\/cribnax.com\/\",\"logo\":{\"@type\":\"ImageObject\",\"inLanguage\":\"fr-FR\",\"@id\":\"https:\/\/cribnax.com\/#\/schema\/logo\/image\/\",\"url\":\"https:\/\/cribnax.com\/wp-content\/uploads\/sites\/202\/2026\/01\/cropped-cropped-Design-sem-nome-83.jpg\",\"contentUrl\":\"https:\/\/cribnax.com\/wp-content\/uploads\/sites\/202\/2026\/01\/cropped-cropped-Design-sem-nome-83.jpg\",\"width\":512,\"height\":497,\"caption\":\"Cribnax\"},\"image\":{\"@id\":\"https:\/\/cribnax.com\/#\/schema\/logo\/image\/\"}}]}<\/script>\n<!-- \/ Yoast SEO plugin. -->","yoast_head_json":{"title":"About Us - Cribnax","robots":{"index":"index","follow":"follow","max-snippet":"max-snippet:-1","max-image-preview":"max-image-preview:large","max-video-preview":"max-video-preview:-1"},"canonical":"https:\/\/cribnax.com\/fr\/about-us\/","og_locale":"fr_FR","og_type":"article","og_title":"About Us - Cribnax","og_description":"Welcome to Cribnax: Your Gateway to the Future In the information age, staying well-informed and up to date makes all the difference. Cribnax was created with the mission of being your trusted guide in navigating the dynamic world of careers, personal growth, innovation, technology trends, and travel. Our commitment is to deliver relevant, inspiring, and [&hellip;]","og_url":"https:\/\/cribnax.com\/fr\/about-us\/","og_site_name":"Cribnax","article_modified_time":"2025-03-05T14:52:04+00:00","twitter_card":"summary_large_image","twitter_misc":{"Est. reading time":"3 minutes"},"schema":{"@context":"https:\/\/schema.org","@graph":[{"@type":"WebPage","@id":"https:\/\/cribnax.com\/about-us\/","url":"https:\/\/cribnax.com\/about-us\/","name":"About Us - Cribnax","isPartOf":{"@id":"https:\/\/cribnax.com\/#website"},"datePublished":"2025-03-05T14:52:03+00:00","dateModified":"2025-03-05T14:52:04+00:00","breadcrumb":{"@id":"https:\/\/cribnax.com\/about-us\/#breadcrumb"},"inLanguage":"fr-FR","potentialAction":[{"@type":"ReadAction","target":["https:\/\/cribnax.com\/about-us\/"]}]},{"@type":"BreadcrumbList","@id":"https:\/\/cribnax.com\/about-us\/#breadcrumb","itemListElement":[{"@type":"ListItem","position":1,"name":"Home","item":"https:\/\/cribnax.com\/"},{"@type":"ListItem","position":2,"name":"About Us"}]},{"@type":"WebSite","@id":"https:\/\/cribnax.com\/#website","url":"https:\/\/cribnax.com\/","name":"Cribnax","description":"","publisher":{"@id":"https:\/\/cribnax.com\/#organization"},"potentialAction":[{"@type":"SearchAction","target":{"@type":"EntryPoint","urlTemplate":"https:\/\/cribnax.com\/?s={search_term_string}"},"query-input":"required name=search_term_string"}],"inLanguage":"fr-FR"},{"@type":"Organization","@id":"https:\/\/cribnax.com\/#organization","name":"Cribnax","url":"https:\/\/cribnax.com\/","logo":{"@type":"ImageObject","inLanguage":"fr-FR","@id":"https:\/\/cribnax.com\/#\/schema\/logo\/image\/","url":"https:\/\/cribnax.com\/wp-content\/uploads\/sites\/202\/2026\/01\/cropped-cropped-Design-sem-nome-83.jpg","contentUrl":"https:\/\/cribnax.com\/wp-content\/uploads\/sites\/202\/2026\/01\/cropped-cropped-Design-sem-nome-83.jpg","width":512,"height":497,"caption":"Cribnax"},"image":{"@id":"https:\/\/cribnax.com\/#\/schema\/logo\/image\/"}}]}},"uagb_featured_image_src":{"full":false,"thumbnail":false,"medium":false,"medium_large":false,"large":false,"1536x1536":false,"2048x2048":false,"trp-custom-language-flag":false},"uagb_author_info":{"display_name":"pontesingrid25","author_link":"https:\/\/cribnax.com\/fr\/author\/pontesingrid25\/"},"uagb_comment_info":0,"uagb_excerpt":"Welcome to Cribnax: Your Gateway to the Future In the information age, staying well-informed and up to date makes all the difference. Cribnax was created with the mission of being your trusted guide in navigating the dynamic world of careers, personal growth, innovation, technology trends, and travel. Our commitment is to deliver relevant, inspiring, and\u2026","_links":{"self":[{"href":"https:\/\/cribnax.com\/fr\/wp-json\/wp\/v2\/pages\/88"}],"collection":[{"href":"https:\/\/cribnax.com\/fr\/wp-json\/wp\/v2\/pages"}],"about":[{"href":"https:\/\/cribnax.com\/fr\/wp-json\/wp\/v2\/types\/page"}],"author":[{"embeddable":true,"href":"https:\/\/cribnax.com\/fr\/wp-json\/wp\/v2\/users\/40"}],"replies":[{"embeddable":true,"href":"https:\/\/cribnax.com\/fr\/wp-json\/wp\/v2\/comments?post=88"}],"version-history":[{"count":3,"href":"https:\/\/cribnax.com\/fr\/wp-json\/wp\/v2\/pages\/88\/revisions"}],"predecessor-version":[{"id":94,"href":"https:\/\/cribnax.com\/fr\/wp-json\/wp\/v2\/pages\/88\/revisions\/94"}],"wp:attachment":[{"href":"https:\/\/cribnax.com\/fr\/wp-json\/wp\/v2\/media?parent=88"}],"curies":[{"name":"wp","href":"https:\/\/api.w.org\/{rel}","templated":true}]}}