{"id":88,"date":"2025-03-05T14:52:03","date_gmt":"2025-03-05T14:52:03","guid":{"rendered":"https:\/\/cribnax.com\/?page_id=88"},"modified":"2025-03-05T14:52:04","modified_gmt":"2025-03-05T14:52:04","slug":"about-us","status":"publish","type":"page","link":"https:\/\/cribnax.com\/ro\/about-us\/","title":{"rendered":"Despre noi"},"content":{"rendered":"<h2 class=\"wp-block-heading\">Bun venit la Cribnax: Poarta ta c\u0103tre viitor<\/h2>\n\n\n\n<p>\u00cen era informa\u021biei, a fi bine informat \u0219i la curent face toat\u0103 diferen\u021ba. Cribnax a fost creat cu misiunea de a fi ghidul t\u0103u de \u00eencredere \u00een navigarea \u00een lumea dinamic\u0103 a carierei, dezvolt\u0103rii personale, inova\u021biei, tendin\u021belor tehnologice \u0219i c\u0103l\u0103toriilor. Angajamentul nostru este de a oferi con\u021binut relevant, inspira\u021bional \u0219i practic pentru a te ajuta s\u0103-\u021bi transformi visele \u00een realitate.<\/p>\n\n\n\n<h3 class=\"wp-block-heading\">Ce oferim<\/h3>\n\n\n\n<p>La Cribnax, credem c\u0103 cuno\u0219tin\u021bele sunt cheia succesului. De aceea, organiz\u0103m con\u021binutul nostru \u00een cinci categorii esen\u021biale:<\/p>\n\n\n\n<h4 class=\"wp-block-heading\">Carier\u0103<\/h4>\n\n\n\n<ul>\n<li>Sfaturi pentru dezvoltare profesional\u0103: De la strategii pentru avansarea \u00een carier\u0103 p\u00e2n\u0103 la sfaturi despre networking \u0219i productivitate.<\/li>\n\n\n\n<li>Noi modele de lucru: R\u0103m\u00e2i la curent cu schimb\u0103rile de pe pia\u021ba muncii, inclusiv munca la distan\u021b\u0103, freelancing-ul \u0219i economia digital\u0103.<\/li>\n\n\n\n<li>Competen\u021be ale viitorului: Descoper\u0103 cele mai c\u0103utate competen\u021be \u0219i cum s\u0103 le dezvol\u021bi pentru a ie\u0219i \u00een eviden\u021b\u0103.<\/li>\n<\/ul>\n\n\n\n<h4 class=\"wp-block-heading\">Dezvoltare personal\u0103<\/h4>\n\n\n\n<ul>\n<li>Mentalitatea de succes: Cum s\u0103 adop\u021bi o abordare pozitiv\u0103 \u0219i rezilient\u0103 pentru a dep\u0103\u0219i provoc\u0103rile \u0219i a-\u021bi atinge obiectivele.<\/li>\n\n\n\n<li>Bun\u0103stare \u0219i echilibru: Strategii pentru men\u021binerea unui stil de via\u021b\u0103 s\u0103n\u0103tos \u0219i productiv, echilibr\u00e2nd \u00een acela\u0219i timp via\u021ba profesional\u0103 cu cea personal\u0103.<\/li>\n\n\n\n<li>Finan\u021be personale: sfaturi despre planificare financiar\u0103, investi\u021bii \u0219i independen\u021b\u0103 economic\u0103.<\/li>\n<\/ul>\n\n\n\n<h4 class=\"wp-block-heading\">Inova\u0163ie<\/h4>\n\n\n\n<ul>\n<li>Tehnologii disruptive: inteligen\u021ba artificial\u0103, blockchain-ul, biotehnologia \u0219i alte inova\u021bii care transform\u0103 lumea.<\/li>\n\n\n\n<li>Antreprenoriat \u0219i startup-uri: Tendin\u021be \u00een ecosistemul antreprenorial, sfaturi pentru lansarea unei afaceri \u0219i pove\u0219ti de succes.<\/li>\n\n\n\n<li>Solu\u021bii sustenabile: Cum poate inova\u021bia s\u0103 sprijine sustenabilitatea \u0219i s\u0103 contribuie la un viitor mai bun.<\/li>\n<\/ul>\n\n\n\n<h4 class=\"wp-block-heading\">Tendin\u021be tehnologice<\/h4>\n\n\n\n<ul>\n<li>Transformarea digital\u0103: Impactul digitaliz\u0103rii \u00een diferite industrii \u0219i modul \u00een care aceasta ne influen\u021beaz\u0103 via\u021ba de zi cu zi.<\/li>\n\n\n\n<li>5G \u0219i conectivitate: Noi posibilit\u0103\u021bi odat\u0103 cu extinderea re\u021belelor 5G \u0219i viitorul internetului.<\/li>\n\n\n\n<li>Securitate \u0219i confiden\u021bialitate online: Cum s\u0103 v\u0103 proteja\u021bi datele \u0219i s\u0103 naviga\u021bi \u00een siguran\u021b\u0103 \u00een era digital\u0103.<\/li>\n<\/ul>\n\n\n\n<h4 class=\"wp-block-heading\">Voiaj<\/h4>\n\n\n\n<ul>\n<li>Turism sustenabil: sfaturi pentru o c\u0103l\u0103torie con\u0219tient\u0103 \u0219i reducerea impactului asupra mediului.<\/li>\n\n\n\n<li>Destina\u021bii \u0219i experien\u021be culturale: Explorarea loca\u021biilor autentice \u0219i cufundarea \u00een culturile locale.<\/li>\n\n\n\n<li>Munc\u0103 \u0219i c\u0103l\u0103torii: Cum s\u0103 echilibrezi o carier\u0103 la distan\u021b\u0103 cu o via\u021b\u0103 plin\u0103 de aventuri \u00een jurul lumii.<\/li>\n<\/ul>\n\n\n\n<h3 class=\"wp-block-heading\">De ce s\u0103 alegi Cribnax?<\/h3>\n\n\n\n<p>Puterea noastr\u0103 rezid\u0103 \u00een calitatea \u0219i profunzimea con\u021binutului pe care \u00eel oferim. Fiecare articol este atent elaborat pentru a oferi informa\u021bii valoroase bazate pe cercet\u0103ri \u0219i tendin\u021be reale. Nu suntem doar un site web de informa\u021bii; suntem un spa\u021biu pentru \u00eenv\u0103\u021bare, inspira\u021bie \u0219i conexiune cu viitorul.<\/p>\n\n\n\n<h3 class=\"wp-block-heading\">Ce ne diferen\u021biaz\u0103?<\/h3>\n\n\n\n<ul>\n<li>Con\u021binut fiabil \u0219i actualizat: Articolele noastre se bazeaz\u0103 pe tendin\u021be reale, cercet\u0103ri solide \u0219i opinii ale exper\u021bilor.<\/li>\n\n\n\n<li>Abordare accesibil\u0103 \u0219i practic\u0103: Ne propunem s\u0103 facem informa\u021biile complexe mai u\u0219or de \u00een\u021beles \u0219i de aplicat.<\/li>\n\n\n\n<li>Inspira\u021bie pentru transformare personal\u0103: Nu doar inform\u0103m; te \u00eencuraj\u0103m s\u0103 ac\u021bionezi \u0219i s\u0103 cre\u0219ti \u00een diferite domenii ale vie\u021bii.<\/li>\n<\/ul>\n\n\n\n<h3 class=\"wp-block-heading\">S\u0103 \u00cencepem \u00cempreun\u0103!<\/h3>\n\n\n\n<p>Indiferent dac\u0103 e\u0219ti un profesionist care caut\u0103 s\u0103 creasc\u0103, un c\u0103l\u0103tor care exploreaz\u0103 culturi noi sau un pasionat de tehnologie care se men\u021bine la curent cu nout\u0103\u021bile, Cribnax este aici pentru a te ajuta. Urm\u0103re\u0219te articolele noastre, \u00eemp\u0103rt\u0103\u0219e\u0219te perspective \u0219i al\u0103tur\u0103-te unei comunit\u0103\u021bi care valorizeaz\u0103 cunoa\u0219terea \u0219i evolu\u021bia continu\u0103.<\/p>\n\n\n\n<p>Contacta\u021bi-ne, consulta\u021bi Politica noastr\u0103 de confiden\u021bialitate pentru mai multe detalii sau consulta\u021bi cele mai recente articole ale noastre pentru a face primul pas \u00een c\u0103l\u0103toria dvs. chiar ast\u0103zi.<\/p>","protected":false},"excerpt":{"rendered":"<p>Bun venit la Cribnax: Poarta ta c\u0103tre viitor \u00cen era informa\u021biei, a fi bine informat \u0219i la curent face toat\u0103 diferen\u021ba. Cribnax a fost creat cu misiunea de a fi ghidul t\u0103u de \u00eencredere \u00een navigarea \u00een lumea dinamic\u0103 a carierei, dezvolt\u0103rii personale, inova\u021biei, tendin\u021belor tehnologice \u0219i c\u0103l\u0103toriilor. Angajamentul nostru este de a oferi informa\u021bii relevante, inspira\u021bionale \u0219i [\u2026]<\/p>","protected":false},"author":40,"featured_media":0,"parent":0,"menu_order":0,"comment_status":"closed","ping_status":"closed","template":"","meta":{"_uag_custom_page_level_css":"","site-sidebar-layout":"default","site-content-layout":"","ast-site-content-layout":"","site-content-style":"default","site-sidebar-style":"default","ast-global-header-display":"","ast-banner-title-visibility":"","ast-main-header-display":"","ast-hfb-above-header-display":"","ast-hfb-below-header-display":"","ast-hfb-mobile-header-display":"","site-post-title":"","ast-breadcrumbs-content":"","ast-featured-img":"","footer-sml-layout":"","theme-transparent-header-meta":"","adv-header-id-meta":"","stick-header-meta":"","header-above-stick-meta":"","header-main-stick-meta":"","header-below-stick-meta":"","astra-migrate-meta-layouts":"default","ast-page-background-enabled":"default","ast-page-background-meta":{"desktop":{"background-color":"var(--ast-global-color-4)","background-image":"","background-repeat":"repeat","background-position":"center center","background-size":"auto","background-attachment":"scroll","background-type":"","background-media":"","overlay-type":"","overlay-color":"","overlay-opacity":"","overlay-gradient":""},"tablet":{"background-color":"","background-image":"","background-repeat":"repeat","background-position":"center center","background-size":"auto","background-attachment":"scroll","background-type":"","background-media":"","overlay-type":"","overlay-color":"","overlay-opacity":"","overlay-gradient":""},"mobile":{"background-color":"","background-image":"","background-repeat":"repeat","background-position":"center center","background-size":"auto","background-attachment":"scroll","background-type":"","background-media":"","overlay-type":"","overlay-color":"","overlay-opacity":"","overlay-gradient":""}},"ast-content-background-meta":{"desktop":{"background-color":"var(--ast-global-color-5)","background-image":"","background-repeat":"repeat","background-position":"center center","background-size":"auto","background-attachment":"scroll","background-type":"","background-media":"","overlay-type":"","overlay-color":"","overlay-opacity":"","overlay-gradient":""},"tablet":{"background-color":"var(--ast-global-color-5)","background-image":"","background-repeat":"repeat","background-position":"center center","background-size":"auto","background-attachment":"scroll","background-type":"","background-media":"","overlay-type":"","overlay-color":"","overlay-opacity":"","overlay-gradient":""},"mobile":{"background-color":"var(--ast-global-color-5)","background-image":"","background-repeat":"repeat","background-position":"center center","background-size":"auto","background-attachment":"scroll","background-type":"","background-media":"","overlay-type":"","overlay-color":"","overlay-opacity":"","overlay-gradient":""}},"footnotes":""},"yoast_head":"<!-- This site is optimized with the Yoast SEO plugin v23.3 - https:\/\/yoast.com\/wordpress\/plugins\/seo\/ -->\n<title>About Us - Cribnax<\/title>\n<meta name=\"robots\" content=\"index, follow, max-snippet:-1, max-image-preview:large, max-video-preview:-1\" \/>\n<link rel=\"canonical\" href=\"https:\/\/cribnax.com\/ro\/about-us\/\" \/>\n<meta property=\"og:locale\" content=\"ro_RO\" \/>\n<meta property=\"og:type\" content=\"article\" \/>\n<meta property=\"og:title\" content=\"About Us - Cribnax\" \/>\n<meta property=\"og:description\" content=\"Welcome to Cribnax: Your Gateway to the Future In the information age, staying well-informed and up to date makes all the difference. Cribnax was created with the mission of being your trusted guide in navigating the dynamic world of careers, personal growth, innovation, technology trends, and travel. Our commitment is to deliver relevant, inspiring, and [&hellip;]\" \/>\n<meta property=\"og:url\" content=\"https:\/\/cribnax.com\/ro\/about-us\/\" \/>\n<meta property=\"og:site_name\" content=\"Cribnax\" \/>\n<meta property=\"article:modified_time\" content=\"2025-03-05T14:52:04+00:00\" \/>\n<meta name=\"twitter:card\" content=\"summary_large_image\" \/>\n<meta name=\"twitter:label1\" content=\"Est. reading time\" \/>\n\t<meta name=\"twitter:data1\" content=\"3 minute\" \/>\n<script type=\"application\/ld+json\" class=\"yoast-schema-graph\">{\"@context\":\"https:\/\/schema.org\",\"@graph\":[{\"@type\":\"WebPage\",\"@id\":\"https:\/\/cribnax.com\/about-us\/\",\"url\":\"https:\/\/cribnax.com\/about-us\/\",\"name\":\"About Us - Cribnax\",\"isPartOf\":{\"@id\":\"https:\/\/cribnax.com\/#website\"},\"datePublished\":\"2025-03-05T14:52:03+00:00\",\"dateModified\":\"2025-03-05T14:52:04+00:00\",\"breadcrumb\":{\"@id\":\"https:\/\/cribnax.com\/about-us\/#breadcrumb\"},\"inLanguage\":\"ro-RO\",\"potentialAction\":[{\"@type\":\"ReadAction\",\"target\":[\"https:\/\/cribnax.com\/about-us\/\"]}]},{\"@type\":\"BreadcrumbList\",\"@id\":\"https:\/\/cribnax.com\/about-us\/#breadcrumb\",\"itemListElement\":[{\"@type\":\"ListItem\",\"position\":1,\"name\":\"Home\",\"item\":\"https:\/\/cribnax.com\/\"},{\"@type\":\"ListItem\",\"position\":2,\"name\":\"About Us\"}]},{\"@type\":\"WebSite\",\"@id\":\"https:\/\/cribnax.com\/#website\",\"url\":\"https:\/\/cribnax.com\/\",\"name\":\"Cribnax\",\"description\":\"\",\"publisher\":{\"@id\":\"https:\/\/cribnax.com\/#organization\"},\"potentialAction\":[{\"@type\":\"SearchAction\",\"target\":{\"@type\":\"EntryPoint\",\"urlTemplate\":\"https:\/\/cribnax.com\/?s={search_term_string}\"},\"query-input\":\"required name=search_term_string\"}],\"inLanguage\":\"ro-RO\"},{\"@type\":\"Organization\",\"@id\":\"https:\/\/cribnax.com\/#organization\",\"name\":\"Cribnax\",\"url\":\"https:\/\/cribnax.com\/\",\"logo\":{\"@type\":\"ImageObject\",\"inLanguage\":\"ro-RO\",\"@id\":\"https:\/\/cribnax.com\/#\/schema\/logo\/image\/\",\"url\":\"https:\/\/cribnax.com\/wp-content\/uploads\/sites\/202\/2026\/01\/cropped-cropped-Design-sem-nome-83.jpg\",\"contentUrl\":\"https:\/\/cribnax.com\/wp-content\/uploads\/sites\/202\/2026\/01\/cropped-cropped-Design-sem-nome-83.jpg\",\"width\":512,\"height\":497,\"caption\":\"Cribnax\"},\"image\":{\"@id\":\"https:\/\/cribnax.com\/#\/schema\/logo\/image\/\"}}]}<\/script>\n<!-- \/ Yoast SEO plugin. -->","yoast_head_json":{"title":"About Us - Cribnax","robots":{"index":"index","follow":"follow","max-snippet":"max-snippet:-1","max-image-preview":"max-image-preview:large","max-video-preview":"max-video-preview:-1"},"canonical":"https:\/\/cribnax.com\/ro\/about-us\/","og_locale":"ro_RO","og_type":"article","og_title":"About Us - Cribnax","og_description":"Welcome to Cribnax: Your Gateway to the Future In the information age, staying well-informed and up to date makes all the difference. Cribnax was created with the mission of being your trusted guide in navigating the dynamic world of careers, personal growth, innovation, technology trends, and travel. Our commitment is to deliver relevant, inspiring, and [&hellip;]","og_url":"https:\/\/cribnax.com\/ro\/about-us\/","og_site_name":"Cribnax","article_modified_time":"2025-03-05T14:52:04+00:00","twitter_card":"summary_large_image","twitter_misc":{"Est. reading time":"3 minute"},"schema":{"@context":"https:\/\/schema.org","@graph":[{"@type":"WebPage","@id":"https:\/\/cribnax.com\/about-us\/","url":"https:\/\/cribnax.com\/about-us\/","name":"About Us - Cribnax","isPartOf":{"@id":"https:\/\/cribnax.com\/#website"},"datePublished":"2025-03-05T14:52:03+00:00","dateModified":"2025-03-05T14:52:04+00:00","breadcrumb":{"@id":"https:\/\/cribnax.com\/about-us\/#breadcrumb"},"inLanguage":"ro-RO","potentialAction":[{"@type":"ReadAction","target":["https:\/\/cribnax.com\/about-us\/"]}]},{"@type":"BreadcrumbList","@id":"https:\/\/cribnax.com\/about-us\/#breadcrumb","itemListElement":[{"@type":"ListItem","position":1,"name":"Home","item":"https:\/\/cribnax.com\/"},{"@type":"ListItem","position":2,"name":"About Us"}]},{"@type":"WebSite","@id":"https:\/\/cribnax.com\/#website","url":"https:\/\/cribnax.com\/","name":"Cribnax","description":"","publisher":{"@id":"https:\/\/cribnax.com\/#organization"},"potentialAction":[{"@type":"SearchAction","target":{"@type":"EntryPoint","urlTemplate":"https:\/\/cribnax.com\/?s={search_term_string}"},"query-input":"required name=search_term_string"}],"inLanguage":"ro-RO"},{"@type":"Organization","@id":"https:\/\/cribnax.com\/#organization","name":"Cribnax","url":"https:\/\/cribnax.com\/","logo":{"@type":"ImageObject","inLanguage":"ro-RO","@id":"https:\/\/cribnax.com\/#\/schema\/logo\/image\/","url":"https:\/\/cribnax.com\/wp-content\/uploads\/sites\/202\/2026\/01\/cropped-cropped-Design-sem-nome-83.jpg","contentUrl":"https:\/\/cribnax.com\/wp-content\/uploads\/sites\/202\/2026\/01\/cropped-cropped-Design-sem-nome-83.jpg","width":512,"height":497,"caption":"Cribnax"},"image":{"@id":"https:\/\/cribnax.com\/#\/schema\/logo\/image\/"}}]}},"uagb_featured_image_src":{"full":false,"thumbnail":false,"medium":false,"medium_large":false,"large":false,"1536x1536":false,"2048x2048":false,"trp-custom-language-flag":false},"uagb_author_info":{"display_name":"pontesingrid25","author_link":"https:\/\/cribnax.com\/ro\/author\/pontesingrid25\/"},"uagb_comment_info":0,"uagb_excerpt":"Welcome to Cribnax: Your Gateway to the Future In the information age, staying well-informed and up to date makes all the difference. Cribnax was created with the mission of being your trusted guide in navigating the dynamic world of careers, personal growth, innovation, technology trends, and travel. Our commitment is to deliver relevant, inspiring, and&hellip;","_links":{"self":[{"href":"https:\/\/cribnax.com\/ro\/wp-json\/wp\/v2\/pages\/88"}],"collection":[{"href":"https:\/\/cribnax.com\/ro\/wp-json\/wp\/v2\/pages"}],"about":[{"href":"https:\/\/cribnax.com\/ro\/wp-json\/wp\/v2\/types\/page"}],"author":[{"embeddable":true,"href":"https:\/\/cribnax.com\/ro\/wp-json\/wp\/v2\/users\/40"}],"replies":[{"embeddable":true,"href":"https:\/\/cribnax.com\/ro\/wp-json\/wp\/v2\/comments?post=88"}],"version-history":[{"count":3,"href":"https:\/\/cribnax.com\/ro\/wp-json\/wp\/v2\/pages\/88\/revisions"}],"predecessor-version":[{"id":94,"href":"https:\/\/cribnax.com\/ro\/wp-json\/wp\/v2\/pages\/88\/revisions\/94"}],"wp:attachment":[{"href":"https:\/\/cribnax.com\/ro\/wp-json\/wp\/v2\/media?parent=88"}],"curies":[{"name":"wp","href":"https:\/\/api.w.org\/{rel}","templated":true}]}}