{"id":88,"date":"2025-03-05T14:52:03","date_gmt":"2025-03-05T14:52:03","guid":{"rendered":"https:\/\/cribnax.com\/?page_id=88"},"modified":"2025-03-05T14:52:04","modified_gmt":"2025-03-05T14:52:04","slug":"about-us","status":"publish","type":"page","link":"https:\/\/cribnax.com\/tr\/about-us\/","title":{"rendered":"Hakk\u0131m\u0131zda"},"content":{"rendered":"<h2 class=\"wp-block-heading\">Cribnax&#039;a Ho\u015f Geldiniz: Gelece\u011fe A\u00e7\u0131lan Kap\u0131n\u0131z<\/h2>\n\n\n\n<p>Bilgi \u00e7a\u011f\u0131nda, bilgili ve g\u00fcncel kalmak her \u015feyden \u00f6nemlidir. Cribnax, kariyer, ki\u015fisel geli\u015fim, inovasyon, teknoloji trendleri ve seyahatin dinamik d\u00fcnyas\u0131nda size rehberlik etme misyonuyla kuruldu. Hayallerinizi ger\u00e7e\u011fe d\u00f6n\u00fc\u015ft\u00fcrmenize yard\u0131mc\u0131 olacak, alakal\u0131, ilham verici ve pratik i\u00e7erikler sunmay\u0131 hedefliyoruz.<\/p>\n\n\n\n<h3 class=\"wp-block-heading\">Sunduklar\u0131m\u0131z<\/h3>\n\n\n\n<p>Cribnax&#039;ta, bilginin ba\u015far\u0131n\u0131n anahtar\u0131 oldu\u011funa inan\u0131yoruz. Bu nedenle i\u00e7eri\u011fimizi be\u015f temel kategoriye ay\u0131r\u0131yoruz:<\/p>\n\n\n\n<h4 class=\"wp-block-heading\">Kariyer<\/h4>\n\n\n\n<ul>\n<li>Profesyonel Geli\u015fim \u0130pu\u00e7lar\u0131: Kariyerinizde ilerlemenize yard\u0131mc\u0131 olacak stratejilerden, network kurma ve \u00fcretkenli\u011fe dair tavsiyelere kadar.<\/li>\n\n\n\n<li>Yeni \u00c7al\u0131\u015fma Modelleri: Uzaktan \u00e7al\u0131\u015fma, serbest \u00e7al\u0131\u015fma ve dijital ekonomi dahil olmak \u00fczere i\u015f piyasas\u0131ndaki de\u011fi\u015fimler hakk\u0131nda g\u00fcncel kal\u0131n.<\/li>\n\n\n\n<li>Gelece\u011fin Becerileri: En \u00e7ok talep g\u00f6ren becerileri ke\u015ffedin ve bunlar\u0131 \u00f6ne \u00e7\u0131kmak i\u00e7in nas\u0131l geli\u015ftirebilece\u011finizi \u00f6\u011frenin.<\/li>\n<\/ul>\n\n\n\n<h4 class=\"wp-block-heading\">Ki\u015fisel Geli\u015fim<\/h4>\n\n\n\n<ul>\n<li>Ba\u015far\u0131 Zihniyeti: Zorluklar\u0131n \u00fcstesinden gelmek ve hedeflerinize ula\u015fmak i\u00e7in olumlu ve diren\u00e7li bir yakla\u015f\u0131m nas\u0131l benimsenir?<\/li>\n\n\n\n<li>Refah ve Denge: \u0130\u015f ve \u00f6zel ya\u015fam aras\u0131nda denge kurarken sa\u011fl\u0131kl\u0131 ve \u00fcretken bir ya\u015fam tarz\u0131n\u0131 s\u00fcrd\u00fcrme stratejileri.<\/li>\n\n\n\n<li>Ki\u015fisel Finans: Finansal planlama, yat\u0131r\u0131mlar ve ekonomik ba\u011f\u0131ms\u0131zl\u0131\u011fa dair ipu\u00e7lar\u0131.<\/li>\n<\/ul>\n\n\n\n<h4 class=\"wp-block-heading\">Yenilik<\/h4>\n\n\n\n<ul>\n<li>Y\u0131k\u0131c\u0131 Teknolojiler: Yapay zeka, blockchain, biyoteknoloji ve d\u00fcnyay\u0131 d\u00f6n\u00fc\u015ft\u00fcren di\u011fer yenilikler.<\/li>\n\n\n\n<li>Giri\u015fimcilik ve Giri\u015fimler: Giri\u015fimcilik ekosistemindeki trendler, i\u015f kurma ipu\u00e7lar\u0131 ve ba\u015far\u0131 hikayeleri.<\/li>\n\n\n\n<li>S\u00fcrd\u00fcr\u00fclebilir \u00c7\u00f6z\u00fcmler: \u0130novasyonun s\u00fcrd\u00fcr\u00fclebilirli\u011fi nas\u0131l destekleyebilece\u011fi ve daha iyi bir gelece\u011fe nas\u0131l katk\u0131da bulunabilece\u011fi.<\/li>\n<\/ul>\n\n\n\n<h4 class=\"wp-block-heading\">Teknoloji Trendleri<\/h4>\n\n\n\n<ul>\n<li>Dijital D\u00f6n\u00fc\u015f\u00fcm: Dijitalle\u015fmenin farkl\u0131 sekt\u00f6rlerdeki etkisi ve g\u00fcnl\u00fck hayat\u0131m\u0131z\u0131 nas\u0131l etkiledi\u011fi.<\/li>\n\n\n\n<li>5G ve Ba\u011flant\u0131: 5G a\u011flar\u0131n\u0131n geni\u015flemesiyle yeni olanaklar ve internetin gelece\u011fi.<\/li>\n\n\n\n<li>\u00c7evrimi\u00e7i G\u00fcvenlik ve Gizlilik: Dijital \u00e7a\u011fda verilerinizi nas\u0131l koruyabilir ve g\u00fcvenli bir \u015fekilde gezinebilirsiniz.<\/li>\n<\/ul>\n\n\n\n<h4 class=\"wp-block-heading\">Seyahat<\/h4>\n\n\n\n<ul>\n<li>S\u00fcrd\u00fcr\u00fclebilir Turizm: Bilin\u00e7li seyahat etmek ve \u00e7evresel etkinizi azaltmak i\u00e7in ipu\u00e7lar\u0131.<\/li>\n\n\n\n<li>K\u00fclt\u00fcrel Destinasyonlar ve Deneyimler: Otantik yerleri ke\u015ffetmek ve yerel k\u00fclt\u00fcrlere dalmak.<\/li>\n\n\n\n<li>\u00c7al\u0131\u015fma ve Seyahat: Uzaktan \u00e7al\u0131\u015fma kariyerini d\u00fcnya \u00e7ap\u0131nda macera dolu bir ya\u015famla nas\u0131l dengeleyebilirsiniz?<\/li>\n<\/ul>\n\n\n\n<h3 class=\"wp-block-heading\">Neden Cribnax&#039;\u0131 Se\u00e7melisiniz?<\/h3>\n\n\n\n<p>G\u00fcc\u00fcm\u00fcz\u00fc, sundu\u011fumuz i\u00e7eri\u011fin kalitesinden ve derinli\u011finden al\u0131yoruz. Her makale, ara\u015ft\u0131rmalara ve ger\u00e7ek trendlere dayanan de\u011ferli i\u00e7g\u00f6r\u00fcler sunmak i\u00e7in \u00f6zenle haz\u0131rlan\u0131yor. Biz sadece bir bilgi sitesi de\u011filiz; ayn\u0131 zamanda \u00f6\u011frenme, ilham alma ve gelecekle ba\u011flant\u0131 kurma alan\u0131y\u0131z.<\/p>\n\n\n\n<h3 class=\"wp-block-heading\">Bizi Farkl\u0131 K\u0131lan Nedir?<\/h3>\n\n\n\n<ul>\n<li>G\u00fcvenilir ve G\u00fcncel \u0130\u00e7erik: Makalelerimiz ger\u00e7ek trendlere, sa\u011flam ara\u015ft\u0131rmalara ve uzman g\u00f6r\u00fc\u015flerine dayanmaktad\u0131r.<\/li>\n\n\n\n<li>Eri\u015filebilir ve Pratik Yakla\u015f\u0131m: Karma\u015f\u0131k bilgilerin daha kolay anla\u015f\u0131lmas\u0131n\u0131 ve uygulanmas\u0131n\u0131 sa\u011flamay\u0131 ama\u00e7l\u0131yoruz.<\/li>\n\n\n\n<li>Ki\u015fisel D\u00f6n\u00fc\u015f\u00fcm \u0130\u00e7in \u0130lham: Sadece bilgilendirmekle kalm\u0131yoruz; harekete ge\u00e7menizi ve hayat\u0131n farkl\u0131 alanlar\u0131nda b\u00fcy\u00fcmenizi te\u015fvik ediyoruz.<\/li>\n<\/ul>\n\n\n\n<h3 class=\"wp-block-heading\">Birlikte Ba\u015flayal\u0131m!<\/h3>\n\n\n\n<p>\u0130ster geli\u015fim aray\u0131\u015f\u0131nda olan bir profesyonel, ister yeni k\u00fclt\u00fcrleri ke\u015ffeden bir gezgin, ister g\u00fcncel kalmay\u0131 seven bir teknoloji tutkunu olun, Cribnax size yard\u0131mc\u0131 olmak i\u00e7in burada. Makalelerimizi takip edin, fikirlerinizi payla\u015f\u0131n ve bilgiye ve s\u00fcrekli geli\u015fime de\u011fer veren bir toplulu\u011fun par\u00e7as\u0131 olun.<\/p>\n\n\n\n<p>Bizimle ileti\u015fime ge\u00e7in, daha fazla bilgi i\u00e7in Gizlilik Politikam\u0131z\u0131 inceleyin veya yolculu\u011funuzda ilk ad\u0131m\u0131 atmak i\u00e7in Son Makalelerimize g\u00f6z at\u0131n.<\/p>","protected":false},"excerpt":{"rendered":"<p>Cribnax&#039;a Ho\u015f Geldiniz: Gelece\u011fe A\u00e7\u0131lan Kap\u0131n\u0131z Bilgi \u00e7a\u011f\u0131nda, iyi bilgilendirilmi\u015f ve g\u00fcncel kalmak b\u00fcy\u00fck fark yarat\u0131r. Cribnax, kariyer, ki\u015fisel geli\u015fim, inovasyon, teknoloji trendleri ve seyahat alanlar\u0131ndaki dinamik d\u00fcnyada size g\u00fcvenilir bir rehber olmak misyonuyla kurulmu\u015ftur. \u0130lgili, ilham verici ve [\u2026]<\/p>","protected":false},"author":40,"featured_media":0,"parent":0,"menu_order":0,"comment_status":"closed","ping_status":"closed","template":"","meta":{"_uag_custom_page_level_css":"","site-sidebar-layout":"default","site-content-layout":"","ast-site-content-layout":"","site-content-style":"default","site-sidebar-style":"default","ast-global-header-display":"","ast-banner-title-visibility":"","ast-main-header-display":"","ast-hfb-above-header-display":"","ast-hfb-below-header-display":"","ast-hfb-mobile-header-display":"","site-post-title":"","ast-breadcrumbs-content":"","ast-featured-img":"","footer-sml-layout":"","theme-transparent-header-meta":"","adv-header-id-meta":"","stick-header-meta":"","header-above-stick-meta":"","header-main-stick-meta":"","header-below-stick-meta":"","astra-migrate-meta-layouts":"default","ast-page-background-enabled":"default","ast-page-background-meta":{"desktop":{"background-color":"var(--ast-global-color-4)","background-image":"","background-repeat":"repeat","background-position":"center center","background-size":"auto","background-attachment":"scroll","background-type":"","background-media":"","overlay-type":"","overlay-color":"","overlay-opacity":"","overlay-gradient":""},"tablet":{"background-color":"","background-image":"","background-repeat":"repeat","background-position":"center center","background-size":"auto","background-attachment":"scroll","background-type":"","background-media":"","overlay-type":"","overlay-color":"","overlay-opacity":"","overlay-gradient":""},"mobile":{"background-color":"","background-image":"","background-repeat":"repeat","background-position":"center center","background-size":"auto","background-attachment":"scroll","background-type":"","background-media":"","overlay-type":"","overlay-color":"","overlay-opacity":"","overlay-gradient":""}},"ast-content-background-meta":{"desktop":{"background-color":"var(--ast-global-color-5)","background-image":"","background-repeat":"repeat","background-position":"center center","background-size":"auto","background-attachment":"scroll","background-type":"","background-media":"","overlay-type":"","overlay-color":"","overlay-opacity":"","overlay-gradient":""},"tablet":{"background-color":"var(--ast-global-color-5)","background-image":"","background-repeat":"repeat","background-position":"center center","background-size":"auto","background-attachment":"scroll","background-type":"","background-media":"","overlay-type":"","overlay-color":"","overlay-opacity":"","overlay-gradient":""},"mobile":{"background-color":"var(--ast-global-color-5)","background-image":"","background-repeat":"repeat","background-position":"center center","background-size":"auto","background-attachment":"scroll","background-type":"","background-media":"","overlay-type":"","overlay-color":"","overlay-opacity":"","overlay-gradient":""}},"footnotes":""},"yoast_head":"<!-- This site is optimized with the Yoast SEO plugin v23.3 - https:\/\/yoast.com\/wordpress\/plugins\/seo\/ -->\n<title>About Us - Cribnax<\/title>\n<meta name=\"robots\" content=\"index, follow, max-snippet:-1, max-image-preview:large, max-video-preview:-1\" \/>\n<link rel=\"canonical\" href=\"https:\/\/cribnax.com\/tr\/about-us\/\" \/>\n<meta property=\"og:locale\" content=\"tr_TR\" \/>\n<meta property=\"og:type\" content=\"article\" \/>\n<meta property=\"og:title\" content=\"About Us - Cribnax\" \/>\n<meta property=\"og:description\" content=\"Welcome to Cribnax: Your Gateway to the Future In the information age, staying well-informed and up to date makes all the difference. Cribnax was created with the mission of being your trusted guide in navigating the dynamic world of careers, personal growth, innovation, technology trends, and travel. Our commitment is to deliver relevant, inspiring, and [&hellip;]\" \/>\n<meta property=\"og:url\" content=\"https:\/\/cribnax.com\/tr\/about-us\/\" \/>\n<meta property=\"og:site_name\" content=\"Cribnax\" \/>\n<meta property=\"article:modified_time\" content=\"2025-03-05T14:52:04+00:00\" \/>\n<meta name=\"twitter:card\" content=\"summary_large_image\" \/>\n<meta name=\"twitter:label1\" content=\"Est. reading time\" \/>\n\t<meta name=\"twitter:data1\" content=\"3 dakika\" \/>\n<script type=\"application\/ld+json\" class=\"yoast-schema-graph\">{\"@context\":\"https:\/\/schema.org\",\"@graph\":[{\"@type\":\"WebPage\",\"@id\":\"https:\/\/cribnax.com\/about-us\/\",\"url\":\"https:\/\/cribnax.com\/about-us\/\",\"name\":\"About Us - Cribnax\",\"isPartOf\":{\"@id\":\"https:\/\/cribnax.com\/#website\"},\"datePublished\":\"2025-03-05T14:52:03+00:00\",\"dateModified\":\"2025-03-05T14:52:04+00:00\",\"breadcrumb\":{\"@id\":\"https:\/\/cribnax.com\/about-us\/#breadcrumb\"},\"inLanguage\":\"tr\",\"potentialAction\":[{\"@type\":\"ReadAction\",\"target\":[\"https:\/\/cribnax.com\/about-us\/\"]}]},{\"@type\":\"BreadcrumbList\",\"@id\":\"https:\/\/cribnax.com\/about-us\/#breadcrumb\",\"itemListElement\":[{\"@type\":\"ListItem\",\"position\":1,\"name\":\"Home\",\"item\":\"https:\/\/cribnax.com\/\"},{\"@type\":\"ListItem\",\"position\":2,\"name\":\"About Us\"}]},{\"@type\":\"WebSite\",\"@id\":\"https:\/\/cribnax.com\/#website\",\"url\":\"https:\/\/cribnax.com\/\",\"name\":\"Cribnax\",\"description\":\"\",\"publisher\":{\"@id\":\"https:\/\/cribnax.com\/#organization\"},\"potentialAction\":[{\"@type\":\"SearchAction\",\"target\":{\"@type\":\"EntryPoint\",\"urlTemplate\":\"https:\/\/cribnax.com\/?s={search_term_string}\"},\"query-input\":\"required name=search_term_string\"}],\"inLanguage\":\"tr\"},{\"@type\":\"Organization\",\"@id\":\"https:\/\/cribnax.com\/#organization\",\"name\":\"Cribnax\",\"url\":\"https:\/\/cribnax.com\/\",\"logo\":{\"@type\":\"ImageObject\",\"inLanguage\":\"tr\",\"@id\":\"https:\/\/cribnax.com\/#\/schema\/logo\/image\/\",\"url\":\"https:\/\/cribnax.com\/wp-content\/uploads\/sites\/202\/2026\/01\/cropped-cropped-Design-sem-nome-83.jpg\",\"contentUrl\":\"https:\/\/cribnax.com\/wp-content\/uploads\/sites\/202\/2026\/01\/cropped-cropped-Design-sem-nome-83.jpg\",\"width\":512,\"height\":497,\"caption\":\"Cribnax\"},\"image\":{\"@id\":\"https:\/\/cribnax.com\/#\/schema\/logo\/image\/\"}}]}<\/script>\n<!-- \/ Yoast SEO plugin. -->","yoast_head_json":{"title":"About Us - Cribnax","robots":{"index":"index","follow":"follow","max-snippet":"max-snippet:-1","max-image-preview":"max-image-preview:large","max-video-preview":"max-video-preview:-1"},"canonical":"https:\/\/cribnax.com\/tr\/about-us\/","og_locale":"tr_TR","og_type":"article","og_title":"About Us - Cribnax","og_description":"Welcome to Cribnax: Your Gateway to the Future In the information age, staying well-informed and up to date makes all the difference. Cribnax was created with the mission of being your trusted guide in navigating the dynamic world of careers, personal growth, innovation, technology trends, and travel. Our commitment is to deliver relevant, inspiring, and [&hellip;]","og_url":"https:\/\/cribnax.com\/tr\/about-us\/","og_site_name":"Cribnax","article_modified_time":"2025-03-05T14:52:04+00:00","twitter_card":"summary_large_image","twitter_misc":{"Est. reading time":"3 dakika"},"schema":{"@context":"https:\/\/schema.org","@graph":[{"@type":"WebPage","@id":"https:\/\/cribnax.com\/about-us\/","url":"https:\/\/cribnax.com\/about-us\/","name":"About Us - Cribnax","isPartOf":{"@id":"https:\/\/cribnax.com\/#website"},"datePublished":"2025-03-05T14:52:03+00:00","dateModified":"2025-03-05T14:52:04+00:00","breadcrumb":{"@id":"https:\/\/cribnax.com\/about-us\/#breadcrumb"},"inLanguage":"tr","potentialAction":[{"@type":"ReadAction","target":["https:\/\/cribnax.com\/about-us\/"]}]},{"@type":"BreadcrumbList","@id":"https:\/\/cribnax.com\/about-us\/#breadcrumb","itemListElement":[{"@type":"ListItem","position":1,"name":"Home","item":"https:\/\/cribnax.com\/"},{"@type":"ListItem","position":2,"name":"About Us"}]},{"@type":"WebSite","@id":"https:\/\/cribnax.com\/#website","url":"https:\/\/cribnax.com\/","name":"Cribnax","description":"","publisher":{"@id":"https:\/\/cribnax.com\/#organization"},"potentialAction":[{"@type":"SearchAction","target":{"@type":"EntryPoint","urlTemplate":"https:\/\/cribnax.com\/?s={search_term_string}"},"query-input":"required name=search_term_string"}],"inLanguage":"tr"},{"@type":"Organization","@id":"https:\/\/cribnax.com\/#organization","name":"Cribnax","url":"https:\/\/cribnax.com\/","logo":{"@type":"ImageObject","inLanguage":"tr","@id":"https:\/\/cribnax.com\/#\/schema\/logo\/image\/","url":"https:\/\/cribnax.com\/wp-content\/uploads\/sites\/202\/2026\/01\/cropped-cropped-Design-sem-nome-83.jpg","contentUrl":"https:\/\/cribnax.com\/wp-content\/uploads\/sites\/202\/2026\/01\/cropped-cropped-Design-sem-nome-83.jpg","width":512,"height":497,"caption":"Cribnax"},"image":{"@id":"https:\/\/cribnax.com\/#\/schema\/logo\/image\/"}}]}},"uagb_featured_image_src":{"full":false,"thumbnail":false,"medium":false,"medium_large":false,"large":false,"1536x1536":false,"2048x2048":false,"trp-custom-language-flag":false},"uagb_author_info":{"display_name":"pontesingrid25","author_link":"https:\/\/cribnax.com\/tr\/author\/pontesingrid25\/"},"uagb_comment_info":0,"uagb_excerpt":"Welcome to Cribnax: Your Gateway to the Future In the information age, staying well-informed and up to date makes all the difference. Cribnax was created with the mission of being your trusted guide in navigating the dynamic world of careers, personal growth, innovation, technology trends, and travel. Our commitment is to deliver relevant, inspiring, and&hellip;","_links":{"self":[{"href":"https:\/\/cribnax.com\/tr\/wp-json\/wp\/v2\/pages\/88"}],"collection":[{"href":"https:\/\/cribnax.com\/tr\/wp-json\/wp\/v2\/pages"}],"about":[{"href":"https:\/\/cribnax.com\/tr\/wp-json\/wp\/v2\/types\/page"}],"author":[{"embeddable":true,"href":"https:\/\/cribnax.com\/tr\/wp-json\/wp\/v2\/users\/40"}],"replies":[{"embeddable":true,"href":"https:\/\/cribnax.com\/tr\/wp-json\/wp\/v2\/comments?post=88"}],"version-history":[{"count":3,"href":"https:\/\/cribnax.com\/tr\/wp-json\/wp\/v2\/pages\/88\/revisions"}],"predecessor-version":[{"id":94,"href":"https:\/\/cribnax.com\/tr\/wp-json\/wp\/v2\/pages\/88\/revisions\/94"}],"wp:attachment":[{"href":"https:\/\/cribnax.com\/tr\/wp-json\/wp\/v2\/media?parent=88"}],"curies":[{"name":"wp","href":"https:\/\/api.w.org\/{rel}","templated":true}]}}